{"id":10,"date":"2022-11-30T11:37:50","date_gmt":"2022-11-30T10:37:50","guid":{"rendered":"https:\/\/sdg-smt.com\/it\/?page_id=10"},"modified":"2024-11-26T10:36:22","modified_gmt":"2024-11-26T09:36:22","slug":"sdg-surface-mount-technology","status":"publish","type":"page","link":"https:\/\/sdg-smt.com\/it\/","title":{"rendered":"SDG Surface Mount Technology"},"content":{"rendered":"<p>[et_pb_section fb_built=&#8221;1&#8243; fullwidth=&#8221;on&#8221; _builder_version=&#8221;4.19.1&#8243; _module_preset=&#8221;default&#8221; global_colors_info=&#8221;{}&#8221;][et_pb_fullwidth_slider _builder_version=&#8221;4.19.1&#8243; _module_preset=&#8221;default&#8221; header_font=&#8221;|600|||||||&#8221; body_text_color_last_edited=&#8221;off|desktop&#8221; body_font_size_tablet=&#8221;&#8221; body_font_size_phone=&#8221;20px&#8221; body_font_size_last_edited=&#8221;on|phone&#8221; global_colors_info=&#8221;{}&#8221;][et_pb_slide heading=&#8221;We are SDG&#8221; button_text=&#8221;CONTATTACI&#8221; button_link=&#8221;\/it\/contatti\/&#8221; _builder_version=&#8221;4.19.1&#8243; _module_preset=&#8221;default&#8221; header_font_size=&#8221;100px&#8221; background_enable_color=&#8221;off&#8221; background_image=&#8221;https:\/\/sdg-smt.com\/it\/wp-content\/uploads\/sites\/2\/2022\/12\/banner_hp1.jpg&#8221; background_enable_image=&#8221;on&#8221; text_orientation=&#8221;left&#8221; width=&#8221;100%&#8221; max_width=&#8221;100%&#8221; header_font_tablet=&#8221;&#8221; header_font_phone=&#8221;&#8221; header_font_last_edited=&#8221;on|phone&#8221; header_font_size_tablet=&#8221;70px&#8221; header_font_size_phone=&#8221;50px&#8221; header_font_size_last_edited=&#8221;on|phone&#8221; global_colors_info=&#8221;{}&#8221; sticky_transition=&#8221;on&#8221;]<\/p>\n<p>Il tuo Partner per <strong>soluzioni hardware<br \/><\/strong>e <strong>software innovative <\/strong>nell&#8217;Industria 4.0<\/p>\n<p>[\/et_pb_slide][\/et_pb_fullwidth_slider][\/et_pb_section][et_pb_section fb_built=&#8221;1&#8243; specialty=&#8221;on&#8221; module_class_1=&#8221;col-testo&#8221; module_class_2=&#8221;col-box&#8221; custom_css_main_1=&#8221;margin-right:2%!important;&#8221; _builder_version=&#8221;4.19.1&#8243; _module_preset=&#8221;default&#8221; background_color=&#8221;#eeeff1&#8243; global_colors_info=&#8221;{}&#8221;][et_pb_column type=&#8221;1_2&#8243; _builder_version=&#8221;4.16&#8243; custom_padding=&#8221;|||&#8221; global_colors_info=&#8221;{}&#8221; custom_padding__hover=&#8221;|||&#8221;][et_pb_text _builder_version=&#8221;4.19.1&#8243; _module_preset=&#8221;default&#8221; header_2_font=&#8221;||||||||&#8221; header_2_text_color=&#8221;#121212&#8243; header_2_font_size=&#8221;42px&#8221; header_2_line_height=&#8221;1.2em&#8221; header_3_text_color=&#8221;#F50017&#8243; header_3_font_size=&#8221;20px&#8221; custom_padding=&#8221;120px||||false|false&#8221; custom_padding_tablet=&#8221;30px||||false|false&#8221; custom_padding_phone=&#8221;30px||||false|false&#8221; custom_padding_last_edited=&#8221;on|tablet&#8221; header_2_font_size_tablet=&#8221;34px&#8221; header_2_font_size_phone=&#8221;34px&#8221; header_2_font_size_last_edited=&#8221;on|phone&#8221; global_colors_info=&#8221;{}&#8221;]<\/p>\n<h3>I nostri Prodotti<\/h3>\n<h2>Prodotti e soluzioni dalle tecnologie avanzate<\/h2>\n<p>SDG S.r.l. distribuisce macchine per la produzione e l\u2019assemblaggio di circuiti stampati (PCB) con tecnologia SMT ad ogni settore.<\/p>\n<p>[\/et_pb_text][et_pb_button button_url=&#8221;\/it\/prodotti\/&#8221; button_text=&#8221;SCOPRI DI PI\u00f9&#8221; _builder_version=&#8221;4.19.1&#8243; _module_preset=&#8221;default&#8221; global_colors_info=&#8221;{}&#8221;][\/et_pb_button][\/et_pb_column][et_pb_column type=&#8221;1_2&#8243; specialty_columns=&#8221;2&#8243; _builder_version=&#8221;4.16&#8243; custom_padding=&#8221;|||&#8221; global_colors_info=&#8221;{}&#8221; custom_padding__hover=&#8221;|||&#8221;][et_pb_row_inner column_structure=&#8221;1_2,1_2&#8243; _builder_version=&#8221;4.19.1&#8243; _module_preset=&#8221;default&#8221; global_colors_info=&#8221;{}&#8221;][et_pb_column_inner type=&#8221;1_2&#8243; saved_specialty_column_type=&#8221;1_2&#8243; module_class=&#8221;col-mb-0&#8243; _builder_version=&#8221;4.19.1&#8243; _module_preset=&#8221;default&#8221; custom_css_main_element=&#8221;margin-right:0px!important;||min-width:290px;&#8221; global_colors_info=&#8221;{}&#8221;][et_pb_blurb title=&#8221;Printer&#8221; image=&#8221;https:\/\/sdg-smt.com\/it\/wp-content\/uploads\/sites\/2\/2022\/12\/ico_print_red.svg&#8221; icon_alignment=&#8221;left&#8221; _builder_version=&#8221;4.19.1&#8243; _module_preset=&#8221;default&#8221; header_font=&#8221;|600|||||||&#8221; background_color=&#8221;#FFFFFF&#8221; image_icon_custom_margin=&#8221;||||false|false&#8221; image_icon_custom_padding=&#8221;||||false|false&#8221; custom_margin=&#8221;0px|10px|10px|0px|false|false&#8221; custom_padding=&#8221;40px|30px|50px|30px|false|false&#8221; global_colors_info=&#8221;{}&#8221;]<\/p>\n<p>Massima qualit\u00e0 e<br \/>prestazioni con la massima flessibilit\u00e0.<\/p>\n<p>[\/et_pb_blurb][et_pb_blurb title=&#8221;Cleaning Process&#8221; image=&#8221;https:\/\/sdg-smt.com\/it\/wp-content\/uploads\/sites\/2\/2023\/02\/Cleaning_Process_ROSSO.svg&#8221; icon_alignment=&#8221;left&#8221; _builder_version=&#8221;4.19.1&#8243; _module_preset=&#8221;default&#8221; header_font=&#8221;|600|||||||&#8221; background_color=&#8221;#FFFFFF&#8221; image_icon_custom_margin=&#8221;||||false|false&#8221; image_icon_custom_padding=&#8221;||||false|false&#8221; custom_margin=&#8221;0px|10px|10px|0px|false|false&#8221; custom_padding=&#8221;40px|30px|50px|30px|false|false&#8221; global_colors_info=&#8221;{}&#8221;]<\/p>\n<p>Massima purezza ed eliminazione di qualsiasi impurit\u00e0.<\/p>\n<p>[\/et_pb_blurb][\/et_pb_column_inner][et_pb_column_inner type=&#8221;1_2&#8243; saved_specialty_column_type=&#8221;1_2&#8243; _builder_version=&#8221;4.19.1&#8243; _module_preset=&#8221;default&#8221; custom_css_main_element=&#8221;min-width:290px;||margin-right:0px!important;&#8221; global_colors_info=&#8221;{}&#8221;][et_pb_blurb title=&#8221;Pick&#038;Place&#8221; image=&#8221;https:\/\/sdg-smt.com\/it\/wp-content\/uploads\/sites\/2\/2022\/12\/ico_Pick_Place_red.svg&#8221; icon_alignment=&#8221;left&#8221; _builder_version=&#8221;4.19.1&#8243; _module_preset=&#8221;default&#8221; header_font=&#8221;|600|||||||&#8221; background_color=&#8221;#FFFFFF&#8221; image_icon_custom_margin=&#8221;||||false|false&#8221; image_icon_custom_padding=&#8221;||||false|false&#8221; custom_margin=&#8221;0px|10px|10px|0px|false|false&#8221; custom_padding=&#8221;40px|30px|50px|30px|false|false&#8221; global_colors_info=&#8221;{}&#8221;]<\/p>\n<p>Maggiore precisione<br \/>e minori sprechi.<\/p>\n<p>[\/et_pb_blurb][et_pb_blurb title=&#8221;Software solution&#8221; image=&#8221;https:\/\/sdg-smt.com\/it\/wp-content\/uploads\/sites\/2\/2022\/12\/ico_Board_Handling.svg&#8221; icon_alignment=&#8221;left&#8221; _builder_version=&#8221;4.19.1&#8243; _module_preset=&#8221;default&#8221; header_font=&#8221;|600|||||||&#8221; background_color=&#8221;#FFFFFF&#8221; image_icon_custom_margin=&#8221;||||false|false&#8221; image_icon_custom_padding=&#8221;||||false|false&#8221; custom_margin=&#8221;0px|10px|10px|0px|false|false&#8221; custom_padding=&#8221;40px|30px|50px|30px|false|false&#8221; global_colors_info=&#8221;{}&#8221;]<\/p>\n<p>Software pi\u00f9 intelligenti per una maggiore efficienza.<\/p>\n<p>[\/et_pb_blurb][\/et_pb_column_inner][\/et_pb_row_inner][\/et_pb_column][\/et_pb_section][et_pb_section fb_built=&#8221;1&#8243; _builder_version=&#8221;4.19.1&#8243; _module_preset=&#8221;default&#8221; background_image=&#8221;https:\/\/sdg-smt.com\/it\/wp-content\/uploads\/sites\/2\/2022\/12\/img_storia.jpg&#8221; background_position=&#8221;top_center&#8221; custom_padding=&#8221;150px||150px||false|false&#8221; global_colors_info=&#8221;{}&#8221;][et_pb_row column_structure=&#8221;1_2,1_2&#8243; _builder_version=&#8221;4.19.1&#8243; _module_preset=&#8221;default&#8221; width=&#8221;100%&#8221; max_width=&#8221;100%&#8221; global_colors_info=&#8221;{}&#8221;][et_pb_column type=&#8221;1_2&#8243; _builder_version=&#8221;4.19.1&#8243; _module_preset=&#8221;default&#8221; background_color=&#8221;#FFFFFF&#8221; custom_padding=&#8221;75px|75px|75px|75px|false|false&#8221; global_colors_info=&#8221;{}&#8221;][et_pb_text _builder_version=&#8221;4.19.1&#8243; _module_preset=&#8221;default&#8221; header_2_font=&#8221;||||||||&#8221; header_2_text_color=&#8221;#121212&#8243; header_2_font_size=&#8221;42px&#8221; header_2_line_height=&#8221;1.2em&#8221; header_3_text_color=&#8221;#F50017&#8243; header_3_font_size=&#8221;20px&#8221; custom_padding=&#8221;||||false|false&#8221; header_2_font_size_tablet=&#8221;34px&#8221; header_2_font_size_phone=&#8221;34px&#8221; header_2_font_size_last_edited=&#8221;on|tablet&#8221; global_colors_info=&#8221;{}&#8221;]<\/p>\n<h3>La nostra Storia<\/h3>\n<h2>Storia. Missione. Innovazione.<\/h2>\n<p><strong>SDG S.r.l.<\/strong> \u00e8 una realt\u00e0 creata da un <strong>gruppo di professionisti<\/strong> che collabora da molti anni<br \/>con i primari fornitori europei di apparecchiature per la produzione elettronica.<\/p>\n<p>[\/et_pb_text][et_pb_button button_url=&#8221;\/it\/azienda\/&#8221; button_text=&#8221;SCOPRI DI PI\u00f9&#8221; _builder_version=&#8221;4.19.1&#8243; _module_preset=&#8221;default&#8221; global_colors_info=&#8221;{}&#8221;][\/et_pb_button][\/et_pb_column][et_pb_column type=&#8221;1_2&#8243; _builder_version=&#8221;4.19.1&#8243; _module_preset=&#8221;default&#8221; global_colors_info=&#8221;{}&#8221;][\/et_pb_column][\/et_pb_row][\/et_pb_section][et_pb_section fb_built=&#8221;1&#8243; _builder_version=&#8221;4.19.1&#8243; _module_preset=&#8221;default&#8221; custom_margin=&#8221;0px||0px||false|false&#8221; custom_padding=&#8221;||0px||false|false&#8221; global_colors_info=&#8221;{}&#8221;][et_pb_row _builder_version=&#8221;4.19.1&#8243; _module_preset=&#8221;default&#8221; global_colors_info=&#8221;{}&#8221;][et_pb_column type=&#8221;4_4&#8243; _builder_version=&#8221;4.19.1&#8243; _module_preset=&#8221;default&#8221; global_colors_info=&#8221;{}&#8221;][wdcl_logo_carousel autoplay_speed=&#8221;3000ms&#8221; nav_pagi=&#8221;none&#8221; slide_count=&#8221;4&#8243; logo_hover=&#8221;no_hover&#8221; slide_count_tablet=&#8221;2&#8243; slide_count_phone=&#8221;1&#8243; slide_count_last_edited=&#8221;on|tablet&#8221; module_class=&#8221;home-slider-loghi&#8221; _builder_version=&#8221;4.19.1&#8243; _module_preset=&#8221;default&#8221; custom_margin=&#8221;50px||||false|false&#8221; hover_enabled=&#8221;0&#8243; global_colors_info=&#8221;{}&#8221; sticky_enabled=&#8221;0&#8243;][wdcl_logo_carousel_child admin_title=&#8221;ASMPT&#8221; logo=&#8221;https:\/\/sdg-smt.com\/it\/wp-content\/uploads\/sites\/2\/2024\/11\/ASMPT.jpg&#8221; is_link=&#8221;on&#8221; link_url=&#8221;https:\/\/www.asmpt.com\/&#8221; link_options=&#8221;on|off&#8221; _builder_version=&#8221;4.19.1&#8243; _module_preset=&#8221;default&#8221; filter_saturate=&#8221;0%&#8221; global_colors_info=&#8221;{}&#8221;][\/wdcl_logo_carousel_child][wdcl_logo_carousel_child admin_title=&#8221;ASYS GROUP&#8221; logo=&#8221;https:\/\/sdg-smt.com\/it\/wp-content\/uploads\/sites\/2\/2024\/11\/ASYS.jpg&#8221; is_link=&#8221;on&#8221; link_url=&#8221;https:\/\/www.asys-group.com\/en\/&#8221; link_options=&#8221;on|off&#8221; _builder_version=&#8221;4.19.1&#8243; _module_preset=&#8221;default&#8221; filter_saturate=&#8221;0%&#8221; global_colors_info=&#8221;{}&#8221;][\/wdcl_logo_carousel_child][wdcl_logo_carousel_child admin_title=&#8221;Critical manufacturing&#8221; logo=&#8221;https:\/\/sdg-smt.com\/it\/wp-content\/uploads\/sites\/2\/2024\/11\/CRITICAL_MANUFACTURING.jpg&#8221; is_link=&#8221;on&#8221; link_url=&#8221;https:\/\/www.criticalmanufacturing.com\/&#8221; link_options=&#8221;on|off&#8221; _builder_version=&#8221;4.19.1&#8243; _module_preset=&#8221;default&#8221; filter_saturate=&#8221;0%&#8221; global_colors_info=&#8221;{}&#8221;][\/wdcl_logo_carousel_child][wdcl_logo_carousel_child admin_title=&#8221;NORDSON CYBEROPTICS&#8221; logo=&#8221;https:\/\/sdg-smt.com\/it\/wp-content\/uploads\/sites\/2\/2024\/11\/NORDSON.jpg&#8221; is_link=&#8221;on&#8221; link_url=&#8221;https:\/\/www.nordson.com\/en&#8221; link_options=&#8221;on|off&#8221; _builder_version=&#8221;4.19.1&#8243; _module_preset=&#8221;default&#8221; filter_saturate=&#8221;0%&#8221; global_colors_info=&#8221;{}&#8221;][\/wdcl_logo_carousel_child][wdcl_logo_carousel_child admin_title=&#8221;DCT&#8221; logo=&#8221;https:\/\/sdg-smt.com\/it\/wp-content\/uploads\/sites\/2\/2024\/11\/DCT.jpg&#8221; is_link=&#8221;on&#8221; link_url=&#8221;https:\/\/dct.cleaning\/en\/&#8221; link_options=&#8221;on|off&#8221; _builder_version=&#8221;4.19.1&#8243; _module_preset=&#8221;default&#8221; filter_saturate=&#8221;0%&#8221; hover_enabled=&#8221;0&#8243; global_colors_info=&#8221;{}&#8221; sticky_enabled=&#8221;0&#8243;][\/wdcl_logo_carousel_child][wdcl_logo_carousel_child admin_title=&#8221;Gopel&#8221; logo=&#8221;https:\/\/sdg-smt.com\/it\/wp-content\/uploads\/sites\/2\/2024\/11\/GOPEL_ELECTRONIC.jpg&#8221; is_link=&#8221;on&#8221; link_url=&#8221;https:\/\/www.goepel.com\/en&#8221; link_options=&#8221;on|off&#8221; _builder_version=&#8221;4.19.1&#8243; _module_preset=&#8221;default&#8221; filter_saturate=&#8221;0%&#8221; hover_enabled=&#8221;0&#8243; global_colors_info=&#8221;{}&#8221; sticky_enabled=&#8221;0&#8243;][\/wdcl_logo_carousel_child][wdcl_logo_carousel_child admin_title=&#8221;Rehm Thermal systems&#8221; logo=&#8221;https:\/\/sdg-smt.com\/it\/wp-content\/uploads\/sites\/2\/2024\/11\/REHM.jpg&#8221; is_link=&#8221;on&#8221; link_url=&#8221;https:\/\/www.rehm-group.com\/en\/index.html&#8221; link_options=&#8221;on|off&#8221; _builder_version=&#8221;4.19.1&#8243; _module_preset=&#8221;default&#8221; filter_saturate=&#8221;0%&#8221; global_colors_info=&#8221;{}&#8221;][\/wdcl_logo_carousel_child][wdcl_logo_carousel_child admin_title=&#8221;Semo&#8221; logo=&#8221;https:\/\/sdg-smt.com\/it\/wp-content\/uploads\/sites\/2\/2024\/11\/SEMO.jpg&#8221; is_link=&#8221;on&#8221; link_url=&#8221;https:\/\/www.semo.fr\/en\/&#8221; link_options=&#8221;on|off&#8221; _builder_version=&#8221;4.19.1&#8243; _module_preset=&#8221;default&#8221; filter_saturate=&#8221;0%&#8221; hover_enabled=&#8221;0&#8243; global_colors_info=&#8221;{}&#8221; sticky_enabled=&#8221;0&#8243;][\/wdcl_logo_carousel_child][\/wdcl_logo_carousel][\/et_pb_column][\/et_pb_row][\/et_pb_section][et_pb_section fb_built=&#8221;1&#8243; custom_padding_last_edited=&#8221;on|tablet&#8221; disabled_on=&#8221;off|off|off&#8221; _builder_version=&#8221;4.19.1&#8243; _module_preset=&#8221;default&#8221; custom_margin=&#8221;30px||30px||false|false&#8221; custom_padding_tablet=&#8221;0px||0px||false|false&#8221; custom_padding_phone=&#8221;30px||0px||false|false&#8221; global_colors_info=&#8221;{}&#8221;][et_pb_row _builder_version=&#8221;4.19.1&#8243; _module_preset=&#8221;default&#8221; global_colors_info=&#8221;{}&#8221;][et_pb_column type=&#8221;4_4&#8243; _builder_version=&#8221;4.19.1&#8243; _module_preset=&#8221;default&#8221; global_colors_info=&#8221;{}&#8221;][et_pb_text _builder_version=&#8221;4.19.1&#8243; _module_preset=&#8221;default&#8221; header_2_font=&#8221;||||||||&#8221; header_2_text_color=&#8221;#121212&#8243; header_2_font_size=&#8221;42px&#8221; header_2_line_height=&#8221;1.2em&#8221; header_3_text_color=&#8221;#F50017&#8243; header_3_font_size=&#8221;20px&#8221; custom_padding=&#8221;||||false|false&#8221; header_2_font_size_tablet=&#8221;34px&#8221; header_2_font_size_phone=&#8221;34px&#8221; header_2_font_size_last_edited=&#8221;on|tablet&#8221; global_colors_info=&#8221;{}&#8221;]<\/p>\n<h3>News<\/h3>\n<h2>Novit\u00e0 di SDG<\/h2>\n<p>[\/et_pb_text][et_pb_blog fullwidth=&#8221;off&#8221; posts_number=&#8221;3&#8243; include_categories=&#8221;all&#8221; show_more=&#8221;on&#8221; show_author=&#8221;off&#8221; show_date=&#8221;off&#8221; show_categories=&#8221;off&#8221; show_excerpt=&#8221;off&#8221; show_pagination=&#8221;off&#8221; masonry_tile_background_color=&#8221;#EEEFF1&#8243; _builder_version=&#8221;4.19.1&#8243; _module_preset=&#8221;default&#8221; header_font_size=&#8221;28px&#8221; read_more_font=&#8221;|||on|||||&#8221; read_more_font_size=&#8221;20px&#8221; border_width_all=&#8221;0px&#8221; global_colors_info=&#8221;{}&#8221;][\/et_pb_blog][\/et_pb_column][\/et_pb_row][\/et_pb_section][et_pb_section fb_built=&#8221;1&#8243; specialty=&#8221;on&#8221; _builder_version=&#8221;4.19.1&#8243; _module_preset=&#8221;default&#8221; background_enable_color=&#8221;off&#8221; background_image=&#8221;https:\/\/sdg-smt.com\/it\/wp-content\/uploads\/sites\/2\/2022\/12\/bg_chiaro.jpg&#8221; custom_margin_tablet=&#8221;0px||||false|false&#8221; custom_margin_phone=&#8221;0px||||false|false&#8221; custom_margin_last_edited=&#8221;on|tablet&#8221; custom_padding=&#8221;0px||||false|false&#8221; global_colors_info=&#8221;{}&#8221;][et_pb_column type=&#8221;1_2&#8243; _builder_version=&#8221;4.16&#8243; custom_padding=&#8221;|||&#8221; global_colors_info=&#8221;{}&#8221; custom_padding__hover=&#8221;|||&#8221;][et_pb_text _builder_version=&#8221;4.19.1&#8243; _module_preset=&#8221;default&#8221; header_2_font=&#8221;||||||||&#8221; header_2_text_color=&#8221;#121212&#8243; header_2_font_size=&#8221;42px&#8221; header_2_line_height=&#8221;1.2em&#8221; header_3_text_color=&#8221;#F50017&#8243; header_3_font_size=&#8221;20px&#8221; custom_padding=&#8221;120px||||false|false&#8221; custom_padding_tablet=&#8221;30px||||false|false&#8221; custom_padding_phone=&#8221;30px||||false|false&#8221; custom_padding_last_edited=&#8221;on|phone&#8221; header_2_font_size_tablet=&#8221;34px&#8221; header_2_font_size_phone=&#8221;34px&#8221; header_2_font_size_last_edited=&#8221;on|tablet&#8221; global_colors_info=&#8221;{}&#8221;]<\/p>\n<h3>I nostri Servizi<\/h3>\n<h2>Supporto tecnico<\/h2>\n<p><span><strong>SDG S.r.l.<\/strong> \u00e8 sempre a disposizione per fornire<br \/>un supporto tempestivo e preciso.<\/span><\/p>\n<p>[\/et_pb_text][et_pb_button button_url=&#8221;\/it\/servizi\/&#8221; button_text=&#8221;scopri di pi\u00f9&#8221; _builder_version=&#8221;4.19.1&#8243; _module_preset=&#8221;default&#8221; global_colors_info=&#8221;{}&#8221;][\/et_pb_button][\/et_pb_column][et_pb_column type=&#8221;1_2&#8243; specialty_columns=&#8221;2&#8243; _builder_version=&#8221;4.16&#8243; custom_padding=&#8221;|||&#8221; global_colors_info=&#8221;{}&#8221; custom_padding__hover=&#8221;|||&#8221;][et_pb_row_inner column_structure=&#8221;1_2,1_2&#8243; _builder_version=&#8221;4.19.1&#8243; _module_preset=&#8221;default&#8221; custom_margin=&#8221;0px|0px|0px|0px|false|false&#8221; custom_padding=&#8221;0px|0px|0px|0px|false|false&#8221; global_colors_info=&#8221;{}&#8221;][et_pb_column_inner type=&#8221;1_2&#8243; saved_specialty_column_type=&#8221;1_2&#8243; _builder_version=&#8221;4.19.1&#8243; _module_preset=&#8221;default&#8221; background_image=&#8221;https:\/\/sdg-smt.com\/it\/wp-content\/uploads\/sites\/2\/2022\/12\/ASM_SIPLACE_TX_Micron_operator_1-scaled-768&#215;640-1.jpg&#8221; custom_padding=&#8221;100px|0px|100px|0px|false|false&#8221; custom_css_main_element=&#8221;margin-right:5%!important;||width:47%!important;&#8221; global_colors_info=&#8221;{}&#8221;][\/et_pb_column_inner][et_pb_column_inner type=&#8221;1_2&#8243; saved_specialty_column_type=&#8221;1_2&#8243; _builder_version=&#8221;4.19.1&#8243; _module_preset=&#8221;default&#8221; background_image=&#8221;https:\/\/sdg-smt.com\/it\/wp-content\/uploads\/sites\/2\/2022\/12\/SDG-SMT.APC-Klemmsystem-2-scaled-1-1.jpg&#8221; custom_padding=&#8221;100px|0px|100px|0px|false|false&#8221; custom_css_main_element=&#8221;width:47%!important;||float:right;||right:0;||&#8221; global_colors_info=&#8221;{}&#8221;][\/et_pb_column_inner][\/et_pb_row_inner][et_pb_row_inner _builder_version=&#8221;4.19.1&#8243; _module_preset=&#8221;default&#8221; background_enable_color=&#8221;off&#8221; background_image=&#8221;https:\/\/sdg-smt.com\/it\/wp-content\/uploads\/sites\/2\/2023\/01\/SOFTWARE_ASM_WORKS_Printer_Programming.jpg&#8221; custom_margin=&#8221;25px||||false|false&#8221; custom_padding=&#8221;150px||100px||false|false&#8221; global_colors_info=&#8221;{}&#8221;][et_pb_column_inner saved_specialty_column_type=&#8221;1_2&#8243; _builder_version=&#8221;4.19.1&#8243; _module_preset=&#8221;default&#8221; global_colors_info=&#8221;{}&#8221;][\/et_pb_column_inner][\/et_pb_row_inner][\/et_pb_column][\/et_pb_section]<\/p>\n","protected":false},"excerpt":{"rendered":"<p>Il tuo Partner per soluzioni hardwaree software innovative nell&#8217;Industria 4.0I nostri Prodotti Prodotti e soluzioni dalle tecnologie avanzate SDG S.r.l. distribuisce macchine per la produzione e l\u2019assemblaggio di circuiti stampati (PCB) con tecnologia SMT ad ogni settore.Massima qualit\u00e0 eprestazioni con la massima flessibilit\u00e0.Massima purezza ed eliminazione di qualsiasi impurit\u00e0.Maggiore precisionee minori sprechi.Software pi\u00f9 intelligenti per [&hellip;]<\/p>\n","protected":false},"author":1,"featured_media":0,"parent":0,"menu_order":0,"comment_status":"closed","ping_status":"closed","template":"","meta":{"_et_pb_use_builder":"on","_et_pb_old_content":"<p>home in italiano<\/p>","_et_gb_content_width":""},"acf":[],"yoast_head":"<!-- This site is optimized with the Yoast SEO plugin v20.3 - https:\/\/yoast.com\/wordpress\/plugins\/seo\/ -->\n<title>SDG - Surface Mount Technology<\/title>\n<meta name=\"description\" content=\"SDG S.r.l. \u00e8 un fornitore di soluzioni hardware e software per il settore dell&#039;elettronica. Garantiamo elevati standard di qualit\u00e0.\" \/>\n<meta name=\"robots\" content=\"index, follow, max-snippet:-1, max-image-preview:large, max-video-preview:-1\" \/>\n<link rel=\"canonical\" href=\"https:\/\/sdg-smt.com\/it\/\" \/>\n<meta property=\"og:locale\" content=\"it_IT\" \/>\n<meta property=\"og:type\" content=\"article\" \/>\n<meta property=\"og:title\" content=\"SDG - Surface Mount Technology\" \/>\n<meta property=\"og:description\" content=\"SDG S.r.l. \u00e8 un fornitore di soluzioni hardware e software per il settore dell&#039;elettronica. Garantiamo elevati standard di qualit\u00e0.\" \/>\n<meta property=\"og:site_name\" content=\"SDG-SMT .IT\" \/>\n<meta property=\"article:modified_time\" content=\"2024-11-26T09:36:22+00:00\" \/>\n<meta property=\"og:image\" content=\"https:\/\/sdg-smt.com\/it\/wp-content\/uploads\/sites\/2\/2023\/03\/SDG_SHARE.jpg\" \/>\n\t<meta property=\"og:image:width\" content=\"1200\" \/>\n\t<meta property=\"og:image:height\" content=\"675\" \/>\n\t<meta property=\"og:image:type\" content=\"image\/jpeg\" \/>\n<meta name=\"twitter:card\" content=\"summary_large_image\" \/>\n<meta name=\"twitter:label1\" content=\"Tempo di lettura stimato\" \/>\n\t<meta name=\"twitter:data1\" content=\"3 minuti\" \/>\n<script type=\"application\/ld+json\" class=\"yoast-schema-graph\">{\"@context\":\"https:\/\/schema.org\",\"@graph\":[{\"@type\":\"WebPage\",\"@id\":\"https:\/\/sdg-smt.com\/it\/\",\"url\":\"https:\/\/sdg-smt.com\/it\/\",\"name\":\"SDG - Surface Mount Technology\",\"isPartOf\":{\"@id\":\"https:\/\/sdg-smt.com\/it\/#website\"},\"datePublished\":\"2022-11-30T10:37:50+00:00\",\"dateModified\":\"2024-11-26T09:36:22+00:00\",\"description\":\"SDG S.r.l. \u00e8 un fornitore di soluzioni hardware e software per il settore dell'elettronica. Garantiamo elevati standard di qualit\u00e0.\",\"breadcrumb\":{\"@id\":\"https:\/\/sdg-smt.com\/it\/#breadcrumb\"},\"inLanguage\":\"it-IT\",\"potentialAction\":[{\"@type\":\"ReadAction\",\"target\":[\"https:\/\/sdg-smt.com\/it\/\"]}]},{\"@type\":\"BreadcrumbList\",\"@id\":\"https:\/\/sdg-smt.com\/it\/#breadcrumb\",\"itemListElement\":[{\"@type\":\"ListItem\",\"position\":1,\"name\":\"Home\",\"item\":\"https:\/\/sdg-smt.com\/it\/\"},{\"@type\":\"ListItem\",\"position\":2,\"name\":\"SDG Surface Mount Technology\"}]},{\"@type\":\"WebSite\",\"@id\":\"https:\/\/sdg-smt.com\/it\/#website\",\"url\":\"https:\/\/sdg-smt.com\/it\/\",\"name\":\"SDG-SMT .IT\",\"description\":\"\",\"potentialAction\":[{\"@type\":\"SearchAction\",\"target\":{\"@type\":\"EntryPoint\",\"urlTemplate\":\"https:\/\/sdg-smt.com\/it\/?s={search_term_string}\"},\"query-input\":\"required name=search_term_string\"}],\"inLanguage\":\"it-IT\"}]}<\/script>\n<!-- \/ Yoast SEO plugin. -->","yoast_head_json":{"title":"SDG - Surface Mount Technology","description":"SDG S.r.l. \u00e8 un fornitore di soluzioni hardware e software per il settore dell'elettronica. Garantiamo elevati standard di qualit\u00e0.","robots":{"index":"index","follow":"follow","max-snippet":"max-snippet:-1","max-image-preview":"max-image-preview:large","max-video-preview":"max-video-preview:-1"},"canonical":"https:\/\/sdg-smt.com\/it\/","og_locale":"it_IT","og_type":"article","og_title":"SDG - Surface Mount Technology","og_description":"SDG S.r.l. \u00e8 un fornitore di soluzioni hardware e software per il settore dell'elettronica. Garantiamo elevati standard di qualit\u00e0.","og_site_name":"SDG-SMT .IT","article_modified_time":"2024-11-26T09:36:22+00:00","og_image":[{"width":1200,"height":675,"url":"https:\/\/sdg-smt.com\/it\/wp-content\/uploads\/sites\/2\/2023\/03\/SDG_SHARE.jpg","type":"image\/jpeg"}],"twitter_card":"summary_large_image","twitter_misc":{"Tempo di lettura stimato":"3 minuti"},"schema":{"@context":"https:\/\/schema.org","@graph":[{"@type":"WebPage","@id":"https:\/\/sdg-smt.com\/it\/","url":"https:\/\/sdg-smt.com\/it\/","name":"SDG - Surface Mount Technology","isPartOf":{"@id":"https:\/\/sdg-smt.com\/it\/#website"},"datePublished":"2022-11-30T10:37:50+00:00","dateModified":"2024-11-26T09:36:22+00:00","description":"SDG S.r.l. \u00e8 un fornitore di soluzioni hardware e software per il settore dell'elettronica. Garantiamo elevati standard di qualit\u00e0.","breadcrumb":{"@id":"https:\/\/sdg-smt.com\/it\/#breadcrumb"},"inLanguage":"it-IT","potentialAction":[{"@type":"ReadAction","target":["https:\/\/sdg-smt.com\/it\/"]}]},{"@type":"BreadcrumbList","@id":"https:\/\/sdg-smt.com\/it\/#breadcrumb","itemListElement":[{"@type":"ListItem","position":1,"name":"Home","item":"https:\/\/sdg-smt.com\/it\/"},{"@type":"ListItem","position":2,"name":"SDG Surface Mount Technology"}]},{"@type":"WebSite","@id":"https:\/\/sdg-smt.com\/it\/#website","url":"https:\/\/sdg-smt.com\/it\/","name":"SDG-SMT .IT","description":"","potentialAction":[{"@type":"SearchAction","target":{"@type":"EntryPoint","urlTemplate":"https:\/\/sdg-smt.com\/it\/?s={search_term_string}"},"query-input":"required name=search_term_string"}],"inLanguage":"it-IT"}]}},"_links":{"self":[{"href":"https:\/\/sdg-smt.com\/it\/wp-json\/wp\/v2\/pages\/10"}],"collection":[{"href":"https:\/\/sdg-smt.com\/it\/wp-json\/wp\/v2\/pages"}],"about":[{"href":"https:\/\/sdg-smt.com\/it\/wp-json\/wp\/v2\/types\/page"}],"author":[{"embeddable":true,"href":"https:\/\/sdg-smt.com\/it\/wp-json\/wp\/v2\/users\/1"}],"replies":[{"embeddable":true,"href":"https:\/\/sdg-smt.com\/it\/wp-json\/wp\/v2\/comments?post=10"}],"version-history":[{"count":82,"href":"https:\/\/sdg-smt.com\/it\/wp-json\/wp\/v2\/pages\/10\/revisions"}],"predecessor-version":[{"id":4310,"href":"https:\/\/sdg-smt.com\/it\/wp-json\/wp\/v2\/pages\/10\/revisions\/4310"}],"wp:attachment":[{"href":"https:\/\/sdg-smt.com\/it\/wp-json\/wp\/v2\/media?parent=10"}],"curies":[{"name":"wp","href":"https:\/\/api.w.org\/{rel}","templated":true}]}}