{"id":1403,"date":"2022-12-22T16:27:59","date_gmt":"2022-12-22T15:27:59","guid":{"rendered":"https:\/\/sdg-smt.com\/it\/?page_id=1403"},"modified":"2023-03-15T14:41:57","modified_gmt":"2023-03-15T13:41:57","slug":"azienda","status":"publish","type":"page","link":"https:\/\/sdg-smt.com\/it\/azienda\/","title":{"rendered":"Azienda"},"content":{"rendered":"<p>[et_pb_section fb_built=&#8221;1&#8243; _builder_version=&#8221;4.19.1&#8243; _module_preset=&#8221;default&#8221; background_color=&#8221;#eeeff1&#8243; global_colors_info=&#8221;{}&#8221;][et_pb_row _builder_version=&#8221;4.19.1&#8243; _module_preset=&#8221;default&#8221; custom_margin=&#8221;||30px||false|false&#8221; hover_enabled=&#8221;0&#8243; global_colors_info=&#8221;{}&#8221; width=&#8221;90%&#8221; sticky_enabled=&#8221;0&#8243;][et_pb_column type=&#8221;4_4&#8243; _builder_version=&#8221;4.19.1&#8243; _module_preset=&#8221;default&#8221; global_colors_info=&#8221;{}&#8221;][lwp_divi_breadcrumbs font_icon=&#8221;&#x35;||divi||400&#8243; link_color=&#8221;#8b8b8b&#8221; separator_color=&#8221;#8b8b8b&#8221; current_text_color=&#8221;#8b8b8b&#8221; _builder_version=&#8221;4.19.1&#8243; _module_preset=&#8221;default&#8221; module_text_color=&#8221;#8b8b8b&#8221; module_font_size=&#8221;12px&#8221; custom_margin=&#8221;||||false|false&#8221; global_colors_info=&#8221;{}&#8221;][\/lwp_divi_breadcrumbs][\/et_pb_column][\/et_pb_row][et_pb_row column_structure=&#8221;1_4,3_4&#8243; _builder_version=&#8221;4.19.1&#8243; _module_preset=&#8221;default&#8221; hover_enabled=&#8221;0&#8243; global_colors_info=&#8221;{}&#8221; width=&#8221;90%&#8221; sticky_enabled=&#8221;0&#8243;][et_pb_column type=&#8221;1_4&#8243; _builder_version=&#8221;4.19.1&#8243; _module_preset=&#8221;default&#8221; background_color=&#8221;#F50017&#8243; custom_css_main_element=&#8221;width:100px!important;||height:100px!important;||margin-right:30px!important;&#8221; global_colors_info=&#8221;{}&#8221;][et_pb_image src=&#8221;https:\/\/sdg-smt.com\/it\/wp-content\/uploads\/sites\/2\/2022\/12\/ico_print_bianco.svg&#8221; title_text=&#8221;ico_print_bianco&#8221; _builder_version=&#8221;4.19.1&#8243; _module_preset=&#8221;default&#8221; global_colors_info=&#8221;{}&#8221;][\/et_pb_image][\/et_pb_column][et_pb_column type=&#8221;3_4&#8243; _builder_version=&#8221;4.19.1&#8243; _module_preset=&#8221;default&#8221; global_colors_info=&#8221;{}&#8221;][et_pb_text admin_label=&#8221;Titolo pagina&#8221; _builder_version=&#8221;4.19.1&#8243; _dynamic_attributes=&#8221;content&#8221; _module_preset=&#8221;default&#8221; text_font_size=&#8221;42px&#8221; custom_padding=&#8221;30px||||false|false&#8221; global_colors_info=&#8221;{}&#8221;]@ET-DC@eyJkeW5hbWljIjp0cnVlLCJjb250ZW50IjoicG9zdF90aXRsZSIsInNldHRpbmdzIjp7ImJlZm9yZSI6IiIsImFmdGVyIjoiIn19@[\/et_pb_text][\/et_pb_column][\/et_pb_row][et_pb_row _builder_version=&#8221;4.19.1&#8243; _module_preset=&#8221;default&#8221; custom_padding=&#8221;30px||||false|false&#8221; hover_enabled=&#8221;0&#8243; global_colors_info=&#8221;{}&#8221; width=&#8221;90%&#8221; sticky_enabled=&#8221;0&#8243;][et_pb_column type=&#8221;4_4&#8243; _builder_version=&#8221;4.19.1&#8243; _module_preset=&#8221;default&#8221; global_colors_info=&#8221;{}&#8221;][et_pb_text admin_label=&#8221;Testo pagina&#8221; _builder_version=&#8221;4.19.1&#8243; _module_preset=&#8221;default&#8221; global_colors_info=&#8221;{}&#8221;]<\/p>\n<p><strong>SDG S.r.l.<\/strong> \u00e8 una realt\u00e0 tecnologica che dal 2016 offre, tramite la distribuzione in esclusiva di brand internazionali, le soluzioni tecnologiche pi\u00f9 interessanti con tecnologia SMT. Il <strong>team<\/strong> <strong>SDG S.r.l. <\/strong>garantisce elevati standard di qualit\u00e0 per ogni settore.<\/p>\n<p>[\/et_pb_text][\/et_pb_column][\/et_pb_row][\/et_pb_section][et_pb_section fb_built=&#8221;1&#8243; _builder_version=&#8221;4.19.1&#8243; _module_preset=&#8221;default&#8221; global_colors_info=&#8221;{}&#8221;][et_pb_row column_structure=&#8221;1_2,1_2&#8243; _builder_version=&#8221;4.19.1&#8243; _module_preset=&#8221;default&#8221; hover_enabled=&#8221;0&#8243; global_colors_info=&#8221;{}&#8221; width=&#8221;90%&#8221; sticky_enabled=&#8221;0&#8243;][et_pb_column type=&#8221;1_2&#8243; _builder_version=&#8221;4.19.1&#8243; _module_preset=&#8221;default&#8221; global_colors_info=&#8221;{}&#8221;][et_pb_text _builder_version=&#8221;4.19.1&#8243; _module_preset=&#8221;default&#8221; global_colors_info=&#8221;{}&#8221;]<\/p>\n<h2>Storia di SDG S.r.l.<\/h2>\n<p><strong>SDG S.r.l.<\/strong> \u00e8 una realt\u00e0 creata nel 2016 da un <strong>gruppo di professionisti<\/strong> che da anni collabora con i primari fornitori europei di apparecchiature per il mercato della produzione elettronica.<\/p>\n<p>Contiamo rapporti di lunga data e di assoluta <strong>fiducia con fornitori<\/strong> <strong>internazionali<\/strong> del calibro di <a title=\"ASMPT\" href=\"https:\/\/smt.asmpt.com\/\" target=\"_blank\" rel=\"noopener\">ASMPT<\/a>, <a title=\"ASYS Group\" href=\"https:\/\/www.asys-group.com\/\" target=\"_blank\" rel=\"noopener\">ASYS Group<\/a>, <a href=\"https:\/\/www.cyberoptics.com\/\" target=\"_blank\" rel=\"noopener\">Cyber Optics<\/a>, <a title=\"Critical Manufacturing\" href=\"https:\/\/www.criticalmanufacturing.com\/\" target=\"_blank\" rel=\"noopener\">Critical Manufacturing<\/a>, <a title=\"DCT Electronic Cleaning\" href=\"https:\/\/www.dct.cleaning\/\" target=\"_blank\" rel=\"noopener\">DCT Electronic Cleaning<\/a>, <a title=\"GOEPEL electronic GmbH\" href=\"https:\/\/www.goepel.com\/\" target=\"_blank\" rel=\"noopener\">GOEPEL electronic GmbH<\/a>, <a title=\"Rehm Thermal Systems GmbH\" href=\"http:\/\/www.rehm-group.com\/\" target=\"_blank\" rel=\"noopener\">Rehm Thermal Systems GmbH<\/a> e <a title=\"Semo\" href=\"https:\/\/www.semo.fr\/en\/\" target=\"_blank\" rel=\"noopener\">Semo<\/a>.<\/p>\n<p>SDG S.r.l. \u00e8 un distributore di macchine per la produzione e l\u2019assemblaggio di circuiti stampati (PCB) con <strong>tecnologia SMT <\/strong>per ogni settore.<\/p>\n<p>[\/et_pb_text][\/et_pb_column][et_pb_column type=&#8221;1_2&#8243; _builder_version=&#8221;4.19.1&#8243; _module_preset=&#8221;default&#8221; global_colors_info=&#8221;{}&#8221;][et_pb_image src=&#8221;https:\/\/sdg-smt.com\/it\/wp-content\/uploads\/sites\/2\/2023\/02\/AZIENDA_STORIA.jpg&#8221; title_text=&#8221;AZIENDA_STORIA&#8221; _builder_version=&#8221;4.19.1&#8243; _module_preset=&#8221;default&#8221; global_colors_info=&#8221;{}&#8221;][\/et_pb_image][\/et_pb_column][\/et_pb_row][\/et_pb_section][et_pb_section fb_built=&#8221;1&#8243; _builder_version=&#8221;4.19.1&#8243; _module_preset=&#8221;default&#8221; global_colors_info=&#8221;{}&#8221;][et_pb_row column_structure=&#8221;1_2,1_2&#8243; _builder_version=&#8221;4.19.1&#8243; _module_preset=&#8221;default&#8221; hover_enabled=&#8221;0&#8243; global_colors_info=&#8221;{}&#8221; width=&#8221;90%&#8221; sticky_enabled=&#8221;0&#8243;][et_pb_column type=&#8221;1_2&#8243; _builder_version=&#8221;4.19.1&#8243; _module_preset=&#8221;default&#8221; global_colors_info=&#8221;{}&#8221;][et_pb_image src=&#8221;https:\/\/sdg-smt.com\/it\/wp-content\/uploads\/sites\/2\/2023\/03\/AZIENDA_MISSSION_v2.jpg&#8221; title_text=&#8221;AZIENDA_MISSSION_v2&#8243; _builder_version=&#8221;4.19.1&#8243; _module_preset=&#8221;default&#8221; global_colors_info=&#8221;{}&#8221;][\/et_pb_image][\/et_pb_column][et_pb_column type=&#8221;1_2&#8243; _builder_version=&#8221;4.19.1&#8243; _module_preset=&#8221;default&#8221; global_colors_info=&#8221;{}&#8221;][et_pb_text _builder_version=&#8221;4.19.1&#8243; _module_preset=&#8221;default&#8221; global_colors_info=&#8221;{}&#8221;]<\/p>\n<h2>La nostra Missione<\/h2>\n<p>L&#8217;<strong>obiettivo di SDG S.r.l.<\/strong> \u00e8 dare continuit\u00e0 all&#8217;esperienza maturata, ponendosi come interfaccia unica per i produttori che intendono puntare all&#8217;eccellenza dei macchinari progettati e sviluppati nel cuore dell&#8217;Europa.<\/p>\n<p>Miriamo alla\u00a0<strong>soddisfazione <\/strong>delle complesse <strong>esigenze<\/strong> <strong>tecnologiche<\/strong> che caratterizzano l&#8217;attuale mercato dell&#8217;elettronica.<\/p>\n<p>[\/et_pb_text][\/et_pb_column][\/et_pb_row][\/et_pb_section][et_pb_section fb_built=&#8221;1&#8243; _builder_version=&#8221;4.19.1&#8243; _module_preset=&#8221;default&#8221; global_colors_info=&#8221;{}&#8221;][et_pb_row column_structure=&#8221;1_2,1_2&#8243; _builder_version=&#8221;4.19.1&#8243; _module_preset=&#8221;default&#8221; hover_enabled=&#8221;0&#8243; global_colors_info=&#8221;{}&#8221; width=&#8221;90%&#8221; sticky_enabled=&#8221;0&#8243;][et_pb_column type=&#8221;1_2&#8243; _builder_version=&#8221;4.19.1&#8243; _module_preset=&#8221;default&#8221; global_colors_info=&#8221;{}&#8221;][et_pb_text _builder_version=&#8221;4.19.1&#8243; _module_preset=&#8221;default&#8221; global_colors_info=&#8221;{}&#8221;]<\/p>\n<h2>Innovazione<\/h2>\n<p>La <strong>parola &#8220;Innovazione&#8221;<\/strong> descrive bene quello che facciamo. Esprime la nostra <strong>competenza<\/strong> come azienda nel proporre <strong>soluzioni<\/strong> che portano i nostri clienti un passo avanti verso la <strong>produzione<\/strong> <strong>digitale<\/strong>.<\/p>\n<p>Nel contesto dell&#8217;industria 4.0, ci affidiamo alle nostre soluzioni software complete. Il <strong>team di SDG S.r.l.<\/strong> accompagna i clienti in questo processo di <strong>sviluppo<\/strong> e <strong>cambiamento<\/strong>.<\/p>\n<p>[\/et_pb_text][\/et_pb_column][et_pb_column type=&#8221;1_2&#8243; _builder_version=&#8221;4.19.1&#8243; _module_preset=&#8221;default&#8221; global_colors_info=&#8221;{}&#8221;][et_pb_image src=&#8221;https:\/\/sdg-smt.com\/it\/wp-content\/uploads\/sites\/2\/2023\/02\/AZIENDA_INNOVAZIONE.jpg&#8221; title_text=&#8221;AZIENDA_INNOVAZIONE&#8221; _builder_version=&#8221;4.19.1&#8243; _module_preset=&#8221;default&#8221; global_colors_info=&#8221;{}&#8221;][\/et_pb_image][\/et_pb_column][\/et_pb_row][\/et_pb_section]<\/p>\n","protected":false},"excerpt":{"rendered":"<p><div class=\"et_pb_module lwp_divi_breadcrumbs lwp_divi_breadcrumbs_0\">\n\t\t\t\t\n\t\t\t\t\n\t\t\t\t\n\t\t\t\t\n\t\t\t\t\n\t\t\t\t\n\t\t\t\t<div class=\"et_pb_module_inner\">\n\t\t\t\t\t<div class=\"lwp-breadcrumbs\"> <span class=\"before\"><\/span> <span vocab=\"https:\/\/schema.org\/\" typeof=\"BreadcrumbList\"><span property=\"itemListElement\" typeof=\"ListItem\"><a property=\"item\" typeof=\"WebPage\" href=\"https:\/\/sdg-smt.com\/it\/\" class=\"home\"><span property=\"name\">Home<\/span><\/a><meta property=\"position\" content=\"1\"><\/span> <span class=\"separator et-pb-icon\">&#x35;<\/span> <\/span><\/div>\n\t\t\t\t<\/div>\n\t\t\t<\/div>SDG S.r.l. \u00e8 una realt\u00e0 tecnologica che dal 2016 offre, tramite la distribuzione in esclusiva di brand internazionali, le soluzioni tecnologiche pi\u00f9 interessanti con tecnologia SMT. Il team SDG S.r.l. garantisce elevati standard di qualit\u00e0 per ogni settore.Storia di SDG S.r.l. SDG S.r.l. \u00e8 una [&hellip;]<\/p>\n","protected":false},"author":1,"featured_media":0,"parent":0,"menu_order":0,"comment_status":"closed","ping_status":"closed","template":"","meta":{"_et_pb_use_builder":"on","_et_pb_old_content":"","_et_gb_content_width":""},"acf":[],"yoast_head":"<!-- This site is optimized with the Yoast SEO plugin v20.3 - https:\/\/yoast.com\/wordpress\/plugins\/seo\/ -->\n<title>Azienda | SDG - Surface Mount Technology<\/title>\n<meta name=\"description\" content=\"SDG S.r.l. \u00e8 un distributore di macchine per la produzione e l\u2019assemblaggio di circuiti stampati (PCB) con tecnologia SMT e SMD.\" \/>\n<meta name=\"robots\" content=\"index, follow, max-snippet:-1, max-image-preview:large, max-video-preview:-1\" \/>\n<link rel=\"canonical\" href=\"https:\/\/sdg-smt.com\/it\/azienda\/\" \/>\n<meta property=\"og:locale\" content=\"it_IT\" \/>\n<meta property=\"og:type\" content=\"article\" \/>\n<meta property=\"og:title\" content=\"Azienda | SDG - Surface Mount Technology\" \/>\n<meta property=\"og:description\" content=\"SDG S.r.l. \u00e8 un distributore di macchine per la produzione e l\u2019assemblaggio di circuiti stampati (PCB) con tecnologia SMT e SMD.\" \/>\n<meta property=\"og:site_name\" content=\"SDG-SMT .IT\" \/>\n<meta property=\"article:modified_time\" content=\"2023-03-15T13:41:57+00:00\" \/>\n<meta property=\"og:image\" content=\"https:\/\/sdg-smt.com\/it\/wp-content\/uploads\/sites\/2\/2023\/03\/SDG_SHARE.jpg\" \/>\n\t<meta property=\"og:image:width\" content=\"1200\" \/>\n\t<meta property=\"og:image:height\" content=\"675\" \/>\n\t<meta property=\"og:image:type\" content=\"image\/jpeg\" \/>\n<meta name=\"twitter:card\" content=\"summary_large_image\" \/>\n<meta name=\"twitter:label1\" content=\"Tempo di lettura stimato\" \/>\n\t<meta name=\"twitter:data1\" content=\"3 minuti\" \/>\n<script type=\"application\/ld+json\" class=\"yoast-schema-graph\">{\"@context\":\"https:\/\/schema.org\",\"@graph\":[{\"@type\":\"WebPage\",\"@id\":\"https:\/\/sdg-smt.com\/it\/azienda\/\",\"url\":\"https:\/\/sdg-smt.com\/it\/azienda\/\",\"name\":\"Azienda | SDG - Surface Mount Technology\",\"isPartOf\":{\"@id\":\"https:\/\/sdg-smt.com\/it\/#website\"},\"datePublished\":\"2022-12-22T15:27:59+00:00\",\"dateModified\":\"2023-03-15T13:41:57+00:00\",\"description\":\"SDG S.r.l. \u00e8 un distributore di macchine per la produzione e l\u2019assemblaggio di circuiti stampati (PCB) con tecnologia SMT e SMD.\",\"breadcrumb\":{\"@id\":\"https:\/\/sdg-smt.com\/it\/azienda\/#breadcrumb\"},\"inLanguage\":\"it-IT\",\"potentialAction\":[{\"@type\":\"ReadAction\",\"target\":[\"https:\/\/sdg-smt.com\/it\/azienda\/\"]}]},{\"@type\":\"BreadcrumbList\",\"@id\":\"https:\/\/sdg-smt.com\/it\/azienda\/#breadcrumb\",\"itemListElement\":[{\"@type\":\"ListItem\",\"position\":1,\"name\":\"Home\",\"item\":\"https:\/\/sdg-smt.com\/it\/\"},{\"@type\":\"ListItem\",\"position\":2,\"name\":\"Azienda\"}]},{\"@type\":\"WebSite\",\"@id\":\"https:\/\/sdg-smt.com\/it\/#website\",\"url\":\"https:\/\/sdg-smt.com\/it\/\",\"name\":\"SDG-SMT .IT\",\"description\":\"\",\"potentialAction\":[{\"@type\":\"SearchAction\",\"target\":{\"@type\":\"EntryPoint\",\"urlTemplate\":\"https:\/\/sdg-smt.com\/it\/?s={search_term_string}\"},\"query-input\":\"required name=search_term_string\"}],\"inLanguage\":\"it-IT\"}]}<\/script>\n<!-- \/ Yoast SEO plugin. -->","yoast_head_json":{"title":"Azienda | SDG - Surface Mount Technology","description":"SDG S.r.l. \u00e8 un distributore di macchine per la produzione e l\u2019assemblaggio di circuiti stampati (PCB) con tecnologia SMT e SMD.","robots":{"index":"index","follow":"follow","max-snippet":"max-snippet:-1","max-image-preview":"max-image-preview:large","max-video-preview":"max-video-preview:-1"},"canonical":"https:\/\/sdg-smt.com\/it\/azienda\/","og_locale":"it_IT","og_type":"article","og_title":"Azienda | SDG - Surface Mount Technology","og_description":"SDG S.r.l. \u00e8 un distributore di macchine per la produzione e l\u2019assemblaggio di circuiti stampati (PCB) con tecnologia SMT e SMD.","og_site_name":"SDG-SMT .IT","article_modified_time":"2023-03-15T13:41:57+00:00","og_image":[{"width":1200,"height":675,"url":"https:\/\/sdg-smt.com\/it\/wp-content\/uploads\/sites\/2\/2023\/03\/SDG_SHARE.jpg","type":"image\/jpeg"}],"twitter_card":"summary_large_image","twitter_misc":{"Tempo di lettura stimato":"3 minuti"},"schema":{"@context":"https:\/\/schema.org","@graph":[{"@type":"WebPage","@id":"https:\/\/sdg-smt.com\/it\/azienda\/","url":"https:\/\/sdg-smt.com\/it\/azienda\/","name":"Azienda | SDG - Surface Mount Technology","isPartOf":{"@id":"https:\/\/sdg-smt.com\/it\/#website"},"datePublished":"2022-12-22T15:27:59+00:00","dateModified":"2023-03-15T13:41:57+00:00","description":"SDG S.r.l. \u00e8 un distributore di macchine per la produzione e l\u2019assemblaggio di circuiti stampati (PCB) con tecnologia SMT e SMD.","breadcrumb":{"@id":"https:\/\/sdg-smt.com\/it\/azienda\/#breadcrumb"},"inLanguage":"it-IT","potentialAction":[{"@type":"ReadAction","target":["https:\/\/sdg-smt.com\/it\/azienda\/"]}]},{"@type":"BreadcrumbList","@id":"https:\/\/sdg-smt.com\/it\/azienda\/#breadcrumb","itemListElement":[{"@type":"ListItem","position":1,"name":"Home","item":"https:\/\/sdg-smt.com\/it\/"},{"@type":"ListItem","position":2,"name":"Azienda"}]},{"@type":"WebSite","@id":"https:\/\/sdg-smt.com\/it\/#website","url":"https:\/\/sdg-smt.com\/it\/","name":"SDG-SMT .IT","description":"","potentialAction":[{"@type":"SearchAction","target":{"@type":"EntryPoint","urlTemplate":"https:\/\/sdg-smt.com\/it\/?s={search_term_string}"},"query-input":"required name=search_term_string"}],"inLanguage":"it-IT"}]}},"_links":{"self":[{"href":"https:\/\/sdg-smt.com\/it\/wp-json\/wp\/v2\/pages\/1403"}],"collection":[{"href":"https:\/\/sdg-smt.com\/it\/wp-json\/wp\/v2\/pages"}],"about":[{"href":"https:\/\/sdg-smt.com\/it\/wp-json\/wp\/v2\/types\/page"}],"author":[{"embeddable":true,"href":"https:\/\/sdg-smt.com\/it\/wp-json\/wp\/v2\/users\/1"}],"replies":[{"embeddable":true,"href":"https:\/\/sdg-smt.com\/it\/wp-json\/wp\/v2\/comments?post=1403"}],"version-history":[{"count":22,"href":"https:\/\/sdg-smt.com\/it\/wp-json\/wp\/v2\/pages\/1403\/revisions"}],"predecessor-version":[{"id":2931,"href":"https:\/\/sdg-smt.com\/it\/wp-json\/wp\/v2\/pages\/1403\/revisions\/2931"}],"wp:attachment":[{"href":"https:\/\/sdg-smt.com\/it\/wp-json\/wp\/v2\/media?parent=1403"}],"curies":[{"name":"wp","href":"https:\/\/api.w.org\/{rel}","templated":true}]}}